{"id":281,"date":"2017-05-16T02:23:43","date_gmt":"2017-05-16T02:23:43","guid":{"rendered":"https:\/\/gamespxn.com\/?page_id=281"},"modified":"2020-01-06T04:31:11","modified_gmt":"2020-01-06T04:31:11","slug":"business-edu","status":"publish","type":"page","link":"https:\/\/gamespxn.com\/es\/business-edu\/","title":{"rendered":"Negocios &amp; Edu"},"content":{"rendered":"<section class=\"wpb-content-wrapper\"><div style=\"\" class=\"vc_row wpb_row vc_row-fluid\"><div class=\"row-inner\"><div class=\"wpb_column vc_column_container vc_col-sm-12\"><div class=\"vc_column-inner\"><div class=\"wpb_wrapper\"><div class=\"vc_row wpb_row vc_inner vc_row-fluid\"><div class=\"wpb_column vc_column_container vc_col-sm-2\"><div class=\"vc_column-inner\"><div class=\"wpb_wrapper\"><\/div><\/div><\/div><div class=\"wpb_column vc_column_container vc_col-sm-8\"><div class=\"vc_column-inner\"><div class=\"wpb_wrapper\">\n\t<div class=\"wpb_text_column wpb_content_element\" >\n\t\t<div class=\"wpb_wrapper\">\n\t\t\t<h6 class=\"divider center\"><span style=\"color: #f5421c;\">Business &amp; Education<\/span><\/h6>\n<h2 class=\"no-margin-top\" style=\"text-align: center;\">True depot repair solutions for companies, organizations, and schools of any size.<\/h2>\n\n\t\t<\/div>\n\t<\/div>\n<\/div><\/div><\/div><div class=\"wpb_column vc_column_container vc_col-sm-2\"><div class=\"vc_column-inner\"><div class=\"wpb_wrapper\"><\/div><\/div><\/div><\/div><div class=\"vc_empty_space\"   style=\"height: 60px\"><span class=\"vc_empty_space_inner\"><\/span><\/div><ul class=\"iconlist iconlist iconlist-icon-xlarge aligncenter\"><li ><div class=\"iconlist-item-icon\"><i class=\"fa fa-usd\"><\/i><\/div><div class=\"iconlist-item-content\">\n<h4 class=\"no-margin-top\">Descuentos Por Volumen<\/h4>\n<p>Tienen mucho que hacer en un presupuesto? Obtener un excelente servicio para sus trabajos m\u00e1s grandes, mientras que el ahorro de dinero en el proceso.<\/div><\/li><li ><div class=\"iconlist-item-icon\"><i class=\"fa fa-graduation-cap\"><\/i><\/div><div class=\"iconlist-item-content\">\n<h4 class=\"no-margin-top\">El Personal Y Los Descuentos Para Estudiantes<\/h4>\n<p>Whether you\u2019re working towards a paycheck or a diploma, we\u2019ve got your back. Let us do the hard work for you.<\/div><\/li><li ><div class=\"iconlist-item-icon\"><i class=\"fa fa-cogs\"><\/i><\/div><div class=\"iconlist-item-content\">\n<h4 class=\"no-margin-top\">Libre De Diagn\u00f3stico Y Las Estimaciones De<\/h4>\n<p>Finding out what the problem is, or how much it costs to fix should never cost you, and with us it won\u2019t.<\/div><\/li><\/ul><ul class=\"iconlist iconlist iconlist-icon-xlarge aligncenter\"><li ><div class=\"iconlist-item-icon\"><i class=\"fa fa-globe\"><\/i><\/div><div class=\"iconlist-item-content\">\n<h4 class=\"no-margin-top\">Ubicaciones En Todo El Pa\u00eds<\/h4>\n<p>Con m\u00e1s de 10 ubicaciones en todo el pa\u00eds y el correo-en las opciones de servicio, nos puede ayudar a usted, est\u00e9 donde est\u00e9.<\/div><\/li><li ><div class=\"iconlist-item-icon\"><i class=\"fa fa-calendar-o\"><\/i><\/div><div class=\"iconlist-item-content\">\n<h4 class=\"no-margin-top\">Sin Cuota Mensual<\/h4>\n<p>Working with you is our pleasure, and we certainly won\u2019t charge for it. We don\u2019t charge monthly fees. Period.<\/div><\/li><li ><div class=\"iconlist-item-icon\"><i class=\"fa fa-clock-o\"><\/i><\/div><div class=\"iconlist-item-content\">\n<h4 class=\"no-margin-top\">R\u00e1pida Atenci\u00f3n De Calidad<\/h4>\n<p>Same day repairs shouldn\u2019t be shoddy. We believe in our work, and offer a 180 day warranty on all repairs.<\/div><\/li><\/ul><\/div><\/div><\/div><\/div><\/div><div style=\"\" class=\"vc_row wpb_row vc_row-fluid vc_custom_1578285050220\"><div class=\"row-inner\"><div class=\"wpb_column vc_column_container vc_col-sm-12\"><div class=\"vc_column-inner\"><div class=\"wpb_wrapper\"><div class=\"vc_row wpb_row vc_inner vc_row-fluid\"><div class=\"wpb_column vc_column_container vc_col-sm-2\"><div class=\"vc_column-inner\"><div class=\"wpb_wrapper\">\n\t<div  class=\"wpb_single_image wpb_content_element vc_align_center\">\n\t\t\n\t\t<figure class=\"wpb_wrapper vc_figure\">\n\t\t\t<div class=\"vc_single_image-wrapper   vc_box_border_grey\"><img loading=\"lazy\" decoding=\"async\" width=\"350\" height=\"210\" src=\"https:\/\/gamespxn.com\/wp-content\/uploads\/2017\/04\/apple.png\" class=\"vc_single_image-img attachment-full\" alt=\"\" title=\"apple\" \/><\/div>\n\t\t<\/figure>\n\t<\/div>\n<\/div><\/div><\/div><div class=\"wpb_column vc_column_container vc_col-sm-2\"><div class=\"vc_column-inner\"><div class=\"wpb_wrapper\">\n\t<div  class=\"wpb_single_image wpb_content_element vc_align_center\">\n\t\t\n\t\t<figure class=\"wpb_wrapper vc_figure\">\n\t\t\t<div class=\"vc_single_image-wrapper   vc_box_border_grey\"><img loading=\"lazy\" decoding=\"async\" width=\"350\" height=\"210\" src=\"https:\/\/gamespxn.com\/wp-content\/uploads\/2017\/04\/sony.png\" class=\"vc_single_image-img attachment-full\" alt=\"\" title=\"sony\" \/><\/div>\n\t\t<\/figure>\n\t<\/div>\n<\/div><\/div><\/div><div class=\"wpb_column vc_column_container vc_col-sm-2\"><div class=\"vc_column-inner\"><div class=\"wpb_wrapper\">\n\t<div  class=\"wpb_single_image wpb_content_element vc_align_center\">\n\t\t\n\t\t<figure class=\"wpb_wrapper vc_figure\">\n\t\t\t<div class=\"vc_single_image-wrapper   vc_box_border_grey\"><img loading=\"lazy\" decoding=\"async\" width=\"350\" height=\"210\" src=\"https:\/\/gamespxn.com\/wp-content\/uploads\/2017\/04\/samsung.png\" class=\"vc_single_image-img attachment-full\" alt=\"\" title=\"samsung\" \/><\/div>\n\t\t<\/figure>\n\t<\/div>\n<\/div><\/div><\/div><div class=\"wpb_column vc_column_container vc_col-sm-2\"><div class=\"vc_column-inner\"><div class=\"wpb_wrapper\">\n\t<div  class=\"wpb_single_image wpb_content_element vc_align_center\">\n\t\t\n\t\t<figure class=\"wpb_wrapper vc_figure\">\n\t\t\t<div class=\"vc_single_image-wrapper   vc_box_border_grey\"><img loading=\"lazy\" decoding=\"async\" width=\"350\" height=\"210\" src=\"https:\/\/gamespxn.com\/wp-content\/uploads\/2017\/04\/nokia.png\" class=\"vc_single_image-img attachment-full\" alt=\"\" title=\"nokia\" \/><\/div>\n\t\t<\/figure>\n\t<\/div>\n<\/div><\/div><\/div><div class=\"wpb_column vc_column_container vc_col-sm-2\"><div class=\"vc_column-inner\"><div class=\"wpb_wrapper\">\n\t<div  class=\"wpb_single_image wpb_content_element vc_align_center\">\n\t\t\n\t\t<figure class=\"wpb_wrapper vc_figure\">\n\t\t\t<div class=\"vc_single_image-wrapper   vc_box_border_grey\"><img loading=\"lazy\" decoding=\"async\" width=\"350\" height=\"210\" src=\"https:\/\/gamespxn.com\/wp-content\/uploads\/2017\/04\/bb.png\" class=\"vc_single_image-img attachment-full\" alt=\"\" title=\"bb\" \/><\/div>\n\t\t<\/figure>\n\t<\/div>\n<\/div><\/div><\/div><div class=\"wpb_column vc_column_container vc_col-sm-2\"><div class=\"vc_column-inner\"><div class=\"wpb_wrapper\">\n\t<div  class=\"wpb_single_image wpb_content_element vc_align_center\">\n\t\t\n\t\t<figure class=\"wpb_wrapper vc_figure\">\n\t\t\t<div class=\"vc_single_image-wrapper   vc_box_border_grey\"><img loading=\"lazy\" decoding=\"async\" width=\"350\" height=\"210\" src=\"https:\/\/gamespxn.com\/wp-content\/uploads\/2017\/04\/android.png\" class=\"vc_single_image-img attachment-full\" alt=\"\" title=\"android\" \/><\/div>\n\t\t<\/figure>\n\t<\/div>\n<\/div><\/div><\/div><\/div><\/div><\/div><\/div><\/div><\/div><div style=\"\" class=\"vc_row wpb_row vc_row-fluid vc_custom_1578285067803 vc_row-has-fill\"><div class=\"row-inner\"><div class=\"wpb_column vc_column_container vc_col-sm-1\"><div class=\"vc_column-inner\"><div class=\"wpb_wrapper\"><\/div><\/div><\/div><div class=\"wpb_column vc_column_container vc_col-sm-10\"><div class=\"vc_column-inner\"><div class=\"wpb_wrapper\">\n\t<div class=\"testimonial  has-image\">\t\t\t\n\t\t<div class=\"testimonial-author\">\n\t\t\t\n\t\t<div class=\"testimonial-image\">\n\t\t\t<img decoding=\"async\" src=\"https:\/\/gamespxn.com\/wp-content\/uploads\/2017\/05\/favicon.png\" alt=\"\" \/>\n\t\t<\/div>\n\t\t\t\t<span class=\"author-name\"><\/span>\n\t\t\t<span class=\"author-info\"><\/span>\n\t\t<\/div>\n\t\t<div class=\"testimonial-content\">\n\t\t\t<blockquote>\n\t\t\t\t\n<div class=\"wpb_text_column wpb_content_element\">\n<div class=\"wpb_wrapper\">\n<p><span style=\"color: #ffffff\">Podemos asegurar que hemos visto todo! A partir de los smartphones que han sido atropellados por un coche, a las tabletas que han tenido una inmersi\u00f3n en una piscina, estamos preparados para enfrentar cualquier cosa que viene en nuestro camino.<\/span><\/p>\n<p><span style=\"color: #ffffff\">Every SmartFix technician goes through an intensive training process, and we maintain an environment of constant learning, so no device is too new, no technology too complicated.<\/span><\/p>\n<\/div>\n<\/div>\n\t\t\t<\/blockquote>\n\t\t<\/div>\n\t<\/div>\n<\/div><\/div><\/div><div class=\"wpb_column vc_column_container vc_col-sm-1\"><div class=\"vc_column-inner\"><div class=\"wpb_wrapper\"><\/div><\/div><\/div><\/div><\/div><div style=\"\" class=\"vc_row wpb_row vc_row-fluid vc_custom_1578285062897\"><div class=\"row-inner\"><div class=\"wpb_column vc_column_container vc_col-sm-2\"><div class=\"vc_column-inner\"><div class=\"wpb_wrapper\"><\/div><\/div><\/div><div class=\"wpb_column vc_column_container vc_col-sm-8\"><div class=\"vc_column-inner\"><div class=\"wpb_wrapper\">\n\t<div class=\"wpb_text_column wpb_content_element\" >\n\t\t<div class=\"wpb_wrapper\">\n\t\t\t<h6 class=\"divider center\"><span style=\"color: #f5421c;\">Ready to get started?<\/span><\/h6>\n<h2 class=\"no-margin-top\" style=\"text-align: center;\">Please fill out this form and we will find a business solution that works for you!<\/h2>\n\n\t\t<\/div>\n\t<\/div>\n<div class=\"vc_empty_space\"   style=\"height: 50px\"><span class=\"vc_empty_space_inner\"><\/span><\/div>\n<div class=\"wpcf7 no-js\" id=\"wpcf7-f324-o1\" lang=\"en-US\" dir=\"ltr\" data-wpcf7-id=\"324\">\n<div class=\"screen-reader-response\"><p role=\"status\" aria-live=\"polite\" aria-atomic=\"true\"><\/p> <ul><\/ul><\/div>\n<form action=\"\/es\/wp-json\/wp\/v2\/pages\/281#wpcf7-f324-o1\" method=\"post\" class=\"wpcf7-form init\" aria-label=\"Contact form\" novalidate=\"novalidate\" data-status=\"init\" data-trp-original-action=\"\/es\/wp-json\/wp\/v2\/pages\/281#wpcf7-f324-o1\">\n<fieldset class=\"hidden-fields-container\"><input type=\"hidden\" name=\"_wpcf7\" value=\"324\" \/><input type=\"hidden\" name=\"_wpcf7_version\" value=\"6.1.5\" \/><input type=\"hidden\" name=\"_wpcf7_locale\" value=\"en_US\" \/><input type=\"hidden\" name=\"_wpcf7_unit_tag\" value=\"wpcf7-f324-o1\" \/><input type=\"hidden\" name=\"_wpcf7_container_post\" value=\"0\" \/><input type=\"hidden\" name=\"_wpcf7_posted_data_hash\" value=\"\" \/>\n<\/fieldset>\n<div class=\"form-request\">\n\t<div class=\"row\">\n\t\t<div class=\"columns columns-6\">\n\t\t\t<p><span class=\"wpcf7-form-control-wrap\" data-name=\"text-833\"><input size=\"40\" maxlength=\"400\" class=\"wpcf7-form-control wpcf7-text\" aria-invalid=\"false\" placeholder=\"Your Name\" value=\"\" type=\"text\" name=\"text-833\" \/><\/span>\n\t\t\t<\/p>\n\t\t<\/div>\n\t\t<div class=\"columns columns-6\">\n\t\t\t<p><span class=\"wpcf7-form-control-wrap\" data-name=\"text-833\"><input size=\"40\" maxlength=\"400\" class=\"wpcf7-form-control wpcf7-text\" aria-invalid=\"false\" placeholder=\"Company Name\" value=\"\" type=\"text\" name=\"text-833\" \/><\/span>\n\t\t\t<\/p>\n\t\t<\/div>\n\t<\/div>\n\t<div class=\"row\">\n\t\t<div class=\"columns columns-6\">\n\t\t\t<p><span class=\"wpcf7-form-control-wrap\" data-name=\"tel-351\"><input size=\"40\" maxlength=\"400\" class=\"wpcf7-form-control wpcf7-tel wpcf7-text wpcf7-validates-as-tel\" aria-invalid=\"false\" placeholder=\"Phone\" value=\"\" type=\"tel\" name=\"tel-351\" \/><\/span>\n\t\t\t<\/p>\n\t\t<\/div>\n\t\t<div class=\"columns columns-6\">\n\t\t\t<p><span class=\"wpcf7-form-control-wrap\" data-name=\"email-57\"><input size=\"40\" maxlength=\"400\" class=\"wpcf7-form-control wpcf7-email wpcf7-text wpcf7-validates-as-email\" aria-invalid=\"false\" placeholder=\"Email\" value=\"\" type=\"email\" name=\"email-57\" \/><\/span>\n\t\t\t<\/p>\n\t\t<\/div>\n\t<\/div>\n\t<div class=\"row\">\n\t\t<div class=\"columns columns-6\">\n\t\t\t<p><span class=\"wpcf7-form-control-wrap\" data-name=\"text-833\"><input size=\"40\" maxlength=\"400\" class=\"wpcf7-form-control wpcf7-text\" aria-invalid=\"false\" placeholder=\"Referred By\" value=\"\" type=\"text\" name=\"text-833\" \/><\/span>\n\t\t\t<\/p>\n\t\t<\/div>\n\t\t<div class=\"columns columns-6\">\n\t\t\t<p><input class=\"wpcf7-form-control wpcf7-submit has-spinner button\" type=\"submit\" value=\"Get Started Now\" \/>\n\t\t\t<\/p>\n\t\t<\/div>\n\t<\/div>\n<\/div><div class=\"wpcf7-response-output\" aria-hidden=\"true\"><\/div>\n<input type=\"hidden\" name=\"trp-form-language\" value=\"es\"\/><\/form>\n<\/div>\n<\/div><\/div><\/div><div class=\"wpb_column vc_column_container vc_col-sm-2\"><div class=\"vc_column-inner\"><div class=\"wpb_wrapper\"><\/div><\/div><\/div><\/div><\/div>\n<\/section>","protected":false},"excerpt":{"rendered":"Business &amp; Education True depot repair solutions for companies, organizations, and schools of any size. Bulk Discounts Have a lot to get done on a budget? Get great service for your biggest jobs, while saving money in the process. Staff &amp; Student Discounts Whether you\u2019re working towards a paycheck or a diploma, we\u2019ve got your [...]","protected":false},"author":1,"featured_media":321,"parent":0,"menu_order":0,"comment_status":"closed","ping_status":"closed","template":"tmpl\/template-fullwidth.php","meta":{"content-type":"","_mbp_gutenberg_autopost":false,"footnotes":""},"class_list":["post-281","page","type-page","status-publish","has-post-thumbnail","hentry"],"acf":[],"jetpack_sharing_enabled":true,"_links":{"self":[{"href":"https:\/\/gamespxn.com\/es\/wp-json\/wp\/v2\/pages\/281","targetHints":{"allow":["GET"]}}],"collection":[{"href":"https:\/\/gamespxn.com\/es\/wp-json\/wp\/v2\/pages"}],"about":[{"href":"https:\/\/gamespxn.com\/es\/wp-json\/wp\/v2\/types\/page"}],"author":[{"embeddable":true,"href":"https:\/\/gamespxn.com\/es\/wp-json\/wp\/v2\/users\/1"}],"replies":[{"embeddable":true,"href":"https:\/\/gamespxn.com\/es\/wp-json\/wp\/v2\/comments?post=281"}],"version-history":[{"count":0,"href":"https:\/\/gamespxn.com\/es\/wp-json\/wp\/v2\/pages\/281\/revisions"}],"wp:featuredmedia":[{"embeddable":true,"href":"https:\/\/gamespxn.com\/es\/wp-json\/wp\/v2\/media\/321"}],"wp:attachment":[{"href":"https:\/\/gamespxn.com\/es\/wp-json\/wp\/v2\/media?parent=281"}],"curies":[{"name":"wp","href":"https:\/\/api.w.org\/{rel}","templated":true}]}}